{"id":6430,"date":"2022-08-25T13:37:58","date_gmt":"2022-08-25T11:37:58","guid":{"rendered":"https:\/\/www.tdm2000.org\/?page_id=6430"},"modified":"2026-04-09T13:14:20","modified_gmt":"2026-04-09T11:14:20","slug":"la-nostra-rete","status":"publish","type":"page","link":"https:\/\/www.tdm2000.org\/en\/servizio-civile-universale\/la-nostra-rete\/","title":{"rendered":"Our network"},"content":{"rendered":"<div class=\"wp-block-group parkinsans is-layout-constrained wp-block-group-is-layout-constrained\">\n<h2 class=\"wp-block-heading Standard\"><strong><span style=\"font-size: 13.0pt;\">National Civic Service<\/span><\/strong><\/h2>\n\n\n\n<p class=\"has-text-align-center Standard\"><span style=\"font-size: 13.0pt;\">&nbsp;<\/span><\/p>\n\n\n\n<p class=\"Standard\"><span style=\"font-size: 13.0pt;\">National Civic Service is a socially useful experience aimed at young people between 18 and 28 years old (at the time of application submission).<\/span><\/p>\n\n\n\n<p class=\"Standard\"><span style=\"font-size: 13.0pt;\">The projects have a strong educational value for young people, offering an experience within social assistance, civil protection, environmental education, education, enhancement of historical heritage and promotion of a culture of peace.<\/span><\/p>\n\n\n\n<p class=\"Standard\"><span style=\"font-size: 13.0pt;\">Born as an alternative to compulsory military service, it has also been open to women since 2001.<\/span><\/p>\n\n\n\n<p class=\"Standard\"><span style=\"font-size: 13.0pt;\">TDM 2000, long engaged in cultural promotion projects and in combating educational poverty, has built up a network of local authorities, associations and cooperatives across Sardinia, creating a system for promoting this experience that is genuinely connected to its territory.<\/span><\/p>\n\n\n\n<p class=\"Standard\"><span style=\"font-size: 13.0pt;\">&nbsp;<\/span><\/p>\n\n\n\n<p class=\"Standard\"><span style=\"font-size: 13.0pt;\">Ad oggi fanno parte della rete 14 comuni e numerose realt\u00e0 sociali, da Cagliari a Sassari, da Olbia ad Iglesias ed Oristano.<\/span><\/p>\n\n\n\n<p class=\"Standard\"><span style=\"font-size: 13.0pt;\">I comuni oggi aderenti alla rete progettuale sono: Vallermosa, Samatzai, Masullas, Isili, Escolca, Esterzili, Seulo, Gairo, Jerzu, Borore, Monti, Telti, Golfo Aranci ed Olbia.<\/span><\/p>\n\n\n\n<p class=\"Standard\"><span style=\"font-size: 13.0pt;\">Focus principale dell&#8217;associazione la valorizzazione culturale, anche se TDM 2000 ha gi\u00e0 presentato due programmi di Servizio Civile digitale, oggi alla vigilia della loro attuazione, nonch\u00e9 una forte progettualit\u00e0 culturale che investe tutta la Sardegna, per un totale di <strong>83 operatori volontari in partenza tra il 2022 ed il 2023<\/strong><\/span><\/p>\n\n\n\n<h3 class=\"wp-block-heading\"><a href=\"https:\/\/drive.google.com\/file\/d\/1UNlABWYcz67f-pc7ZOny319yNueyq0ET\/view?usp=share_link\" target=\"_blank\" rel=\"noopener\"><strong>PRESENTAZIONE PROGRAMMI 2023<\/strong><\/a><\/h3>\n\n\n\n<p>Se sei un ente privato o pubblico e sei interessato a entrare nella nostra rete di servizio civile contattaci alla mail: <strong>serviziocivile@tdm2000.org<\/strong><\/p>\n<\/div>","protected":false},"excerpt":{"rendered":"<p>Servizio Civile Universale &nbsp; Il Servizio Civile Universale \u00e8 un&#8217;esperienza di utilit\u00e0 sociale rivolta a ragazzi tra i 18 ed i 28 anni (al momento della presentazione della candidatura). I progetti hanno una forte valenza formativa per i ragazzi, svolgendo un&#8217;esperienza all&#8217;interno di progettualit\u00e0 socio-assistenziali, di protezione civile, educazione ambientale, educazione, valorizzazione del patrimonio storico [&hellip;]<\/p>","protected":false},"author":12,"featured_media":0,"parent":6390,"menu_order":0,"comment_status":"closed","ping_status":"closed","template":"","meta":{"_et_pb_use_builder":"","_et_pb_old_content":"","_et_gb_content_width":"1080","footnotes":""},"class_list":["post-6430","page","type-page","status-publish","hentry"],"_links":{"self":[{"href":"https:\/\/www.tdm2000.org\/en\/wp-json\/wp\/v2\/pages\/6430","targetHints":{"allow":["GET"]}}],"collection":[{"href":"https:\/\/www.tdm2000.org\/en\/wp-json\/wp\/v2\/pages"}],"about":[{"href":"https:\/\/www.tdm2000.org\/en\/wp-json\/wp\/v2\/types\/page"}],"author":[{"embeddable":true,"href":"https:\/\/www.tdm2000.org\/en\/wp-json\/wp\/v2\/users\/12"}],"replies":[{"embeddable":true,"href":"https:\/\/www.tdm2000.org\/en\/wp-json\/wp\/v2\/comments?post=6430"}],"version-history":[{"count":7,"href":"https:\/\/www.tdm2000.org\/en\/wp-json\/wp\/v2\/pages\/6430\/revisions"}],"predecessor-version":[{"id":104405,"href":"https:\/\/www.tdm2000.org\/en\/wp-json\/wp\/v2\/pages\/6430\/revisions\/104405"}],"up":[{"embeddable":true,"href":"https:\/\/www.tdm2000.org\/en\/wp-json\/wp\/v2\/pages\/6390"}],"wp:attachment":[{"href":"https:\/\/www.tdm2000.org\/en\/wp-json\/wp\/v2\/media?parent=6430"}],"curies":[{"name":"wp","href":"https:\/\/api.w.org\/{rel}","templated":true}]}}