{"id":5936,"date":"2021-05-18T13:49:26","date_gmt":"2021-05-18T11:49:26","guid":{"rendered":"https:\/\/www.tdm2000.org\/?page_id=5936"},"modified":"2021-05-28T15:19:23","modified_gmt":"2021-05-28T13:19:23","slug":"progetto-y-e-n-youth-empowerment-networking","status":"publish","type":"page","link":"https:\/\/www.tdm2000.org\/en\/le-nostre-attivita\/progetto-y-e-n-youth-empowerment-networking\/","title":{"rendered":"Progetto Y.E.N. &#8211; Youth Empowerment Networking"},"content":{"rendered":"<figure class=\"wp-block-image size-large\"><img loading=\"lazy\" decoding=\"async\" width=\"1024\" height=\"1024\" src=\"https:\/\/www.tdm2000.org\/new\/wp-content\/uploads\/2021\/05\/LOGO-1024x1024.jpg\" alt=\"\" class=\"wp-image-5944\" srcset=\"https:\/\/www.tdm2000.org\/new\/wp-content\/uploads\/2021\/05\/LOGO-1024x1024.jpg 1024w, https:\/\/www.tdm2000.org\/new\/wp-content\/uploads\/2021\/05\/LOGO-300x300.jpg 300w, https:\/\/www.tdm2000.org\/new\/wp-content\/uploads\/2021\/05\/LOGO-150x150.jpg 150w, https:\/\/www.tdm2000.org\/new\/wp-content\/uploads\/2021\/05\/LOGO-768x768.jpg 768w, https:\/\/www.tdm2000.org\/new\/wp-content\/uploads\/2021\/05\/LOGO-958x958.jpg 958w, https:\/\/www.tdm2000.org\/new\/wp-content\/uploads\/2021\/05\/LOGO.jpg 1500w\" sizes=\"(max-width: 1024px) 100vw, 1024px\" \/><\/figure>\n\n\n\n<p class=\"has-text-align-left\">Il Progetto YEN, finanziato dal Ministero del lavoro e delle politiche sociali e realizzato per il tramite della Regione Sardegna, nasce allo scopo di favorire lo sviluppo del territorio attraverso gli strumenti del volontariato, dell&#8217;associazionismo e del civismo.<\/p>\n\n\n\n<p class=\"has-text-align-left\">YEN si rivolge a rappresentanti di associazioni; referenti istituzionali locali per le politiche giovanili; consulte giovanili; societ\u00e0 sportive; istituti scolastici; famiglie; giovani; N.E.E.T; Adulti,<\/p>\n\n\n\n<p>Le attivit\u00e0, aperte alla partecipazione della cittadinanza, si articolano in 5 assi:<\/p>\n\n\n\n<p>ASSE 1: Conferenza \u201cVolontariato: la rete delle eccellenze\u201d;<\/p>\n\n\n\n<p>ASSE 2: Gli incontri territoriali, distribuiti nei PLUS dell\u2019Isola, rappresenteranno il momento di tessitura delle trame che andranno poi a costituire la vera e propria rete al termine del progetto;<\/p>\n\n\n\n<p>ASSE 3: Attivit\u00e0 finalizzate all\u2019empowerment del tessuto associativo locale attraverso un ciclo di attivit\u00e0 di formazione online su temi e argomenti di grande rilevanza per associazioni ed enti privati. La scelta dello svolgimento on line nasce dalla volont\u00e0 di garantire la maggiore partecipazione possibile in un ecosistema tecnicamente adeguato allo scambio in tempo reale di buone pratiche e idee;&nbsp;<\/p>\n\n\n\n<p>ASSE 4: Attivit\u00e0 online che realizzer\u00e0 una piattaforma online denominata Agor\u00e0, finalizzata a raccogliere le buone pratiche e le idee progettuali dei partecipanti al progetto, derivanti sia dal progetto in se che dall\u2019esperienza pregressa dei soggetti coinvolti. Da tale punto di vista \u201cAgor\u00e0\u201d sar\u00e0 l\u2019impalcatura digitale a supporto della rete. La piattaforma verr\u00e0 sviluppata partire da Febbraio 2021 e portata avanti per tutta la durata del progetto per raccogliere punti di vista, materiali, strumenti e idee, fornendo modo alle persone di mettersi in contatto e scambiare buone pratiche e lavorare insieme;<\/p>\n\n\n\n<p>ASSE 5 Questo \u00e8 l\u2019asse con la maggiore connotazione internazionale dell\u2019intervento. I partecipanti saranno coinvolti in iniziative alla quale prenderanno parte delegati di associazioni e organizzazioni provenienti da altre parti d\u2019Europa. Scopo di tale asse di attivit\u00e0 e amplificare l\u2019impatto dei precedenti interventi declinandoli in ambito internazionale. Le attivit\u00e0 previste in questo asse sono: Corso di formazione \u201cBe You\u201d sulla promozione dell\u2019imprenditoria giovanile, Febbraio-Luglio 2021; 5Corso di formazione \u201cCulturally diverse, Humanly united\u201d sul dialogo interculturale, Aprile-Ottobre 2021; Corso di formazione e scambio giovanile \u201cYouth Ambassador\u201d sulla cittadinanza attiva, Gennaio-Ottobre 2021; Corso di formazione \u201cGlobal Citizenship for Human Rights\u201d sui diritti umani, Febbraio-Agosto 2021; Corso di formazione \u201cMinorities in focus: living together in intercultural society\u201d su diritti umani e inclusione delle minoranze, Febbraio, Ottobre 2021; <\/p>\n\n\n\n<p class=\"has-normal-font-size\">Per informazioni info@tdm2000.org,&nbsp;<a href=\"http:\/\/www.tdm2000.org\/en\/?fbclid=IwAR1w3WncmhYyRSPi9uxO5H7GQWrfhP6bKDENXTV3ETNeurG5fzD_hZGPe7c\" target=\"_blank\" rel=\"noreferrer noopener\">www.tdm2000.org<\/a>, 392 786 7434.&nbsp;<\/p>","protected":false},"excerpt":{"rendered":"<p>Il Progetto YEN, finanziato dal Ministero del lavoro e delle politiche sociali e realizzato per il tramite della Regione Sardegna, nasce allo scopo di favorire lo sviluppo del territorio attraverso gli strumenti del volontariato, dell&#8217;associazionismo e del civismo. YEN si rivolge a rappresentanti di associazioni; referenti istituzionali locali per le politiche giovanili; consulte giovanili; societ\u00e0 [&hellip;]<\/p>","protected":false},"author":12,"featured_media":5938,"parent":804,"menu_order":1,"comment_status":"closed","ping_status":"closed","template":"","meta":{"_et_pb_use_builder":"","_et_pb_old_content":"","_et_gb_content_width":"","footnotes":""},"class_list":["post-5936","page","type-page","status-publish","has-post-thumbnail","hentry"],"_links":{"self":[{"href":"https:\/\/www.tdm2000.org\/en\/wp-json\/wp\/v2\/pages\/5936","targetHints":{"allow":["GET"]}}],"collection":[{"href":"https:\/\/www.tdm2000.org\/en\/wp-json\/wp\/v2\/pages"}],"about":[{"href":"https:\/\/www.tdm2000.org\/en\/wp-json\/wp\/v2\/types\/page"}],"author":[{"embeddable":true,"href":"https:\/\/www.tdm2000.org\/en\/wp-json\/wp\/v2\/users\/12"}],"replies":[{"embeddable":true,"href":"https:\/\/www.tdm2000.org\/en\/wp-json\/wp\/v2\/comments?post=5936"}],"version-history":[{"count":3,"href":"https:\/\/www.tdm2000.org\/en\/wp-json\/wp\/v2\/pages\/5936\/revisions"}],"predecessor-version":[{"id":5945,"href":"https:\/\/www.tdm2000.org\/en\/wp-json\/wp\/v2\/pages\/5936\/revisions\/5945"}],"up":[{"embeddable":true,"href":"https:\/\/www.tdm2000.org\/en\/wp-json\/wp\/v2\/pages\/804"}],"wp:featuredmedia":[{"embeddable":true,"href":"https:\/\/www.tdm2000.org\/en\/wp-json\/wp\/v2\/media\/5938"}],"wp:attachment":[{"href":"https:\/\/www.tdm2000.org\/en\/wp-json\/wp\/v2\/media?parent=5936"}],"curies":[{"name":"wp","href":"https:\/\/api.w.org\/{rel}","templated":true}]}}