{"id":104294,"date":"2026-03-09T23:00:43","date_gmt":"2026-03-09T22:00:43","guid":{"rendered":"https:\/\/www.tdm2000.org\/?page_id=104294"},"modified":"2026-04-07T17:10:19","modified_gmt":"2026-04-07T15:10:19","slug":"servizio-civile-universale-allestero-2026","status":"publish","type":"page","link":"https:\/\/www.tdm2000.org\/en\/servizio-civile-universale-allestero-2026\/","title":{"rendered":"National Civic Service abroad 2026"},"content":{"rendered":"<figure class=\"wp-block-image aligncenter size-full is-resized\"><img loading=\"lazy\" decoding=\"async\" width=\"635\" height=\"428\" src=\"https:\/\/www.tdm2000.org\/new\/wp-content\/uploads\/2026\/03\/SCU-2026.png\" alt=\"\" class=\"wp-image-104312\" style=\"aspect-ratio:1.483695652173913;width:389px;height:auto\"\/><\/figure>\n\n\n\n<div class=\"wp-block-group parkinsans is-layout-constrained wp-block-group-is-layout-constrained\">\n<p class=\".parkinsans\"><br \/>The call for applications has been published for the selection of&nbsp;<strong>65.964&nbsp;<\/strong>volunteer operators to be involved in projects under Universal Civil Service intervention programmes to be carried out in Italy and abroad.<\/p>\n\n\n\n<p class=\".parkinsans\">Only one application may be submitted, selecting one project and its implementation location,<strong> by 2:00 PM on April 8, 2026 (extended to 2:00 PM on April 16)<\/strong>. <br \/>Applications may be cancelled and resubmitted until 2:00 PM on April 7, 2026 (extended to 2:00 PM on April 15).<\/p>\n\n\n\n<p class=\".parkinsans\">The details:<\/p>\n\n\n\n<p class=\".parkinsans\">- 64,479 volunteer operators will start service in 2,635 projects under 548 intervention programmes to be carried out in Italy;<\/p>\n\n\n\n<p class=\".parkinsans\">The projects last between 8 and 12 months, with a service schedule of 25 hours per week or with a proportional annual total of hours that varies...<\/p>\n\n\n\n<p class=\".parkinsans\">I progetti hanno una durata tra 8 e 12 mesi, con un orario di servizio pari a 25 ore settimanali oppure con un monte ore annuo che varia, in maniera commisurata, tra le 1.145 ore per i progetti di 12 mesi, le 1.049 ore per i progetti di 11 mesi, le 954 ore per i progetti di 10 mesi,&nbsp; le 859 ore per i progetti di 9 mesi e le 765 ore per i progetti di 8 mesi articolato su cinque o sei giorni a settimana.<\/p>\n\n\n\n<p class=\".parkinsans\">Selected volunteer operators sign a contract with the Department which sets, among other things, the monthly allowance for service at \u20ac519.47, subject to any increase based on changes verified by ISTAT.<\/p>\n\n\n\n<p class=\"parkinsans\">To take part in the selection, applicants must identify the Universal Civil Service project in which they wish to serve.<\/p>\n\n\n\n<p class=\".parkinsans\">To access the list of Universal Civil Service projects in Italy and abroad, applicants must use the search engines \u201cChoose your project in Italy\u201d and \u201cChoose your project abroad&nbsp;<a rel=\"noreferrer noopener\" href=\"https:\/\/www.politichegiovanili.gov.it\/comunicazione\/avvisi-e-bandi\/servizio-civile\/bandi-di-selezione-volontari\/bando_ordinario_2026\/\" target=\"_blank\">page of the call<\/a>. Cliccando il tasto CERCA (senza effettuare una scelta negli altri campi proposti) si ottiene l\u2019elenco completo di tutti i progetti. Per effettuare una ricerca mirata di un progetto \u00e8 possibile selezionare i valori delle voci che interessano. Nella pagina di dettaglio del progetto viene visualizzato anche il numero delle domande pervenute per quella sede; questo dato \u00e8 aggiornato al giorno precedente la visualizzazione.<\/p>\n\n\n\n<p class=\".parkinsans\">Dopo aver selezionato il progetto d\u2019interesse, \u00e8 opportuno consultare la&nbsp;<em>home page<\/em>&nbsp;del sito dell\u2019ente titolare, dove \u00e8 pubblicata la scheda contenente gli elementi essenziali del progetto.<\/p>\n\n\n\n<p class=\".parkinsans\">Gli aspiranti operatori volontari devono produrre domanda di partecipazione, indirizzata direttamente all\u2019ente titolare del progetto prescelto, esclusivamente attraverso la piattaforma DOL raggiungibile tramite PC,\u00a0<em>tablet\u00a0<\/em>and\u00a0<em>smartphone\u00a0<\/em>all\u2019indirizzo\u00a0<a href=\"https:\/\/domandaonline.serviziocivile.it\/\" target=\"_blank\" rel=\"noreferrer noopener\">https:\/\/domandaonline.serviziocivile.it<\/a>. <br \/><br \/>Si pu\u00f2 presentare una sola domanda, <strong>scegliendo un solo progetto e una sua sede di attuazione, entro le ore 14:00 dell\u20198 aprile 2026 (prorogato alle ore 14:00 del 16 aprile)<\/strong>. Le domande possono essere annullate e ripresentate fino alle ore 14:00 del 7 aprile 2026 (prorogato alle ore 14:00 del 15 aprile)<\/p>\n\n\n\n<p class=\".parkinsans\">Per accedere ai servizi di compilazione e presentazione della domanda sulla piattaforma DOL occorre che il candidato sia riconosciuto dal sistema.<\/p>\n\n\n\n<p class=\".parkinsans\">1 &#8211; I cittadini italiani residenti in Italia o all\u2019estero possono accedervi tramite Carta di Identit\u00e0 Elettronica (CIE). La CIE \u00e8 il documento d\u2019identit\u00e0 dei cittadini italiani che permette l\u2019accertamento dell\u2019identit\u00e0 del possessore e l\u2019accesso ai servizi online delle Pubbliche Amministrazioni sia in Italia che nei Paesi dell\u2019Unione Europea. Per la presentazione della Domanda on-line di Servizio civile occorrono credenziali CIE di livello di sicurezza 2.<\/p>\n\n\n\n<p class=\".parkinsans\">\u00c8 consentito, altres\u00ec, l\u2019accesso tramite il Sistema Pubblico di Identit\u00e0 Digitale (SPID). Il Sistema Pubblico di Identit\u00e0 Digitale (SPID) \u00e8 lo strumento di accesso semplice, veloce e sicuro ai servizi digitali delle amministrazioni locali e centrali. Sul sito dell\u2019Agenzia per l\u2019Italia Digitale&nbsp; &nbsp;<a href=\"https:\/\/www.agid.gov.it\/it\/piattaforme\/spid\" target=\"_blank\" rel=\"noreferrer noopener\">https:\/\/www.agid.gov.it\/it\/piattaforme\/spid<\/a>&nbsp;&nbsp;sono disponibili tutte le informazioni su cosa \u00e8 SPID, quali servizi offre e come si richiede. Per la presentazione della Domanda&nbsp;<em>on-line<\/em>&nbsp;di Servizio civile occorrono credenziali SPID di livello di sicurezza 2.<\/p>\n\n\n\n<p class=\".parkinsans\">2 &#8211; Qualora i cittadini di Paesi appartenenti all\u2019Unione europea o non appartenenti all\u2019Unione europea regolarmente soggiornanti in Italia, non avessero la possibilit\u00e0 di acquisire lo SPID, \u00e8 data facolt\u00e0 di richiedere al Dipartimento il rilascio di apposite credenziali per accedere ai servizi della piattaforma DOL, seguendo la procedura disponibile sulla&nbsp;<em>home page&nbsp;<\/em>della piattaforma stessa.<\/p>\n\n\n\n<p class=\".parkinsans\"><strong>I progetti all\u2019estero<\/strong><\/p>\n\n\n\n<p class=\".parkinsans\">Tutte le informazioni relative al singolo progetto sono pubblicate sul sito dell\u2019Ente di riferimento, ad esempio: obiettivi del progetto, sede di realizzazione, settore di intervento, attivit\u00e0 degli operatori volontari, eventuali requisiti aggiuntivi (conoscenza della lingua, titolo di studio), etc.<\/p>\n\n\n\n<p class=\".parkinsans\">Il servizio dura tra gli 8 e i 12 mesi come il servizio civile effettuato sul territorio nazionale ed \u00e8 prevista una permanenza all&#8217;estero per un \u201c<em>periodo non inferiore ai sei mesi<\/em>\u201d (<a href=\"https:\/\/www.politichegiovanili.gov.it\/media\/wufo1pzb\/testointegratodlgs40-e-43_n.pdf\" target=\"_blank\" rel=\"noreferrer noopener\">art. 13 D.lgs 40\/2017<\/a>).<\/p>\n\n\n\n<p class=\".parkinsans\"><strong>Le aree di intervento<\/strong><\/p>\n\n\n\n<p class=\".parkinsans\">\u00c8 possibile svolgere il servizio civile universale all\u2019estero per progetti realizzati nei seguenti settori, per iniziative riconducibili alla promozione della pace e della nonviolenza nonch\u00e9 alla cooperazione allo sviluppo.<\/p>\n\n\n\n<ol start=\"1\" class=\"wp-block-list\">\n<li>assistenza;<\/li>\n\n\n\n<li>protezione civile;<\/li>\n\n\n\n<li>patrimonio ambientale e riqualificazione urbana;<\/li>\n\n\n\n<li>patrimonio storico, artistico e culturale;<\/li>\n\n\n\n<li>educazione e promozione culturale, paesaggistica, ambientale, del turismo sostenibile e sociale, e dello sport;<\/li>\n\n\n\n<li>agricoltura in zona di montagna, agricoltura sociale e biodiversit\u00e0;<\/li>\n\n\n\n<li>promozione della pace tra i popoli, della nonviolenza e della difesa non armata; promozione e tutela dei diritti umani; cooperazione allo sviluppo; promozione della cultura italiana all&#8217;estero e sostegno alle comunit\u00e0 di italiani all&#8217;estero.<\/li>\n<\/ol>\n\n\n\n<p class=\".parkinsans\"><strong>La formazione<\/strong><\/p>\n\n\n\n<p class=\".parkinsans\">La prima fase di servizio coincide con un periodo di formazione che si svolge in Italia. Si parte dalla formazione generale incentrata su quelli che sono i valori fondanti dell\u2019esperienza di SCU e prosegue con la formazione specifica che caratterizza ciascun progetto in maniera peculiare e funzionale a ci\u00f2 che l\u2019operatore volontario andr\u00e0 a svolgere.<\/p>\n\n\n\n<p class=\".parkinsans\"><strong>Come candidarsi<\/strong><\/p>\n\n\n\n<p class=\".parkinsans\">Per candidarsi occorre attendere che vengano pubblicati i bandi di selezione per gli operatori volontari di Servizio civile universale. A questo punto i giovani interessati devono presentare la propria domanda di partecipazione esclusivamente on line, tramite la piattaforma \u201cDomanda On Line\u201d,&nbsp;<a rel=\"noreferrer noopener\" href=\"https:\/\/domandaonline.serviziocivile.it\/\" target=\"_blank\">www.domandaonline.serviziocivile.it<\/a>&nbsp;secondo i tempi e le modalit\u00e0 previste dal bando.<\/p>\n\n\n\n<p class=\".parkinsans\"><strong>Trattamento economico<\/strong><\/p>\n\n\n\n<p class=\".parkinsans\">Per gli operatori volontari impegnati nella realizzazione di progetti di servizio civile all\u2019estero, in aggiunta all\u2019assegno mensile di 519,47 euro spettanti ai giovani in servizio civile in Italia, \u00e8 prevista una indennit\u00e0 giornaliera, che sar\u00e0 corrisposta per il periodo di effettivo servizio all\u2019estero, differenziata in base al criterio del \u201ccosto paese\u201d in cui gli operatori volontari sono impegnati.<\/p>\n\n\n\n<p class=\".parkinsans\">Tale indennit\u00e0 aggiuntiva non \u00e8 corrisposta:<\/p>\n\n\n\n<ul class=\"wp-block-list\">\n<li>durante i periodi di servizio (compresi quelli dedicati ad attivit\u00e0 formative) in cui gli operatori volontari si trovano nel territorio nazionale e durante i periodi di permesso anche se fruiti all\u2019estero;<\/li>\n\n\n\n<li>ai giovani residenti nel Paese dove si realizza il progetto.<\/li>\n\n\n\n<li>Nel caso di malattia all\u2019estero l\u2019indennit\u00e0 \u00e8 corrisposta per i primi 15 giorni.<\/li>\n<\/ul>\n\n\n\n<p class=\"parkinsans\">La misura dell\u2019indennit\u00e0 estera giornaliera spettante agli operatori volontari \u00e8 di:<\/p>\n\n\n\n<ul class=\"wp-block-list\">\n<li>15,00 euro per i progetti da realizzarsi in Europa (Area euro e Paesi dell\u2019Europa Occidentale) Paesi del Nord America (Area dollaro) e Giappone (Area Yen);<\/li>\n\n\n\n<li>14,00 euro per i progetti da realizzarsi nella Federazione Russa, Paesi dell\u2019Europa dell\u2019Est, Asia (compreso Medio- oriente, India, Cina ed escluso il Sud-est asiatico), Oceania;<\/li>\n\n\n\n<li>13,00 euro per i progetti da realizzarsi in Africa, Sud-est asiatico; Paesi del Centro e Sud America.&nbsp;&nbsp;&nbsp;<\/li>\n<\/ul>\n\n\n\n<p class=\"parkinsans\">All\u2019operatore volontario che presta servizio civile all\u2019estero spettano vitto e alloggio ed i relativi costi sono a carico dell\u2019Ente. E\u2019 previsto un contributo giornaliero per il vitto e l\u2019alloggio, corrisposto all\u2019Ente dal Dipartimento per le Politiche giovanili e il Servizio civile universale durante il periodo di effettiva permanenza dell\u2019operatore volontario all\u2019estero, differenziato per area geografica di attuazione del progetto.<\/p>\n\n\n\n<p class=\"parkinsans\">Per gli operatori volontari impegnati in progetti di servizio civile all&#8217;estero \u00e8 previsto il rimborso delle spese di trasporto per complessivi due viaggi di andata e ritorno dall\u2019Italia al Paese estero di realizzazione del progetto e sono anticipate dall\u2019Ente che realizza il progetto e rimborsate dal Dipartimento.<br \/><br \/><strong>CLICCA SOTTO PER CONOSCERE I POSTI APERTI AL MOMENTO PER IL SERVIZIO CIVILE ALL&#8217;ESTERO OFFERTO DALLA RETE DI TDM 2000:<\/strong><br \/><br \/><strong><a href=\"https:\/\/drive.google.com\/file\/d\/1G1fyS12cx-R4k61tImCLYaxUPvJzVwTj\/view?usp=sharing\" target=\"_blank\" rel=\"noreferrer noopener\">EDUCAZIONE E SVILUPPO IN LATINO AMERICA<\/a><\/strong><br \/><strong><a href=\"https:\/\/drive.google.com\/file\/d\/1iLumHpjN2-xBbWdodGfFKjArqqFPaiQx\/view?usp=sharing\" target=\"_blank\" rel=\"noreferrer noopener\">EDUCAZIONE E SVILUPPO IN INDONESIA<\/a><\/strong><br \/><strong><a href=\"https:\/\/drive.google.com\/file\/d\/1kjUUaDKYg8VxVtrpCxHKZQ2Mpm6HRs3a\/view?usp=sharing\" target=\"_blank\" rel=\"noreferrer noopener\">EDUCAZIONE E SVILUPPO IN INDIA<\/a><\/strong><\/p>\n<\/div>","protected":false},"excerpt":{"rendered":"<p>Pubblicato il Bando per la selezione di&nbsp;65.964&nbsp;operatori volontari da impiegare in progetti afferenti a programmi di intervento di Servizio civile universale da realizzarsi in Italia e all\u2019estero. Si pu\u00f2 presentare una sola domanda, scegliendo un solo progetto e una sua sede di attuazione, entro le ore 14:00 dell\u20198 aprile 2026 (prorogato alle ore 14:00 del [&hellip;]<\/p>","protected":false},"author":12,"featured_media":0,"parent":0,"menu_order":0,"comment_status":"closed","ping_status":"closed","template":"","meta":{"_et_pb_use_builder":"off","_et_pb_old_content":"","_et_gb_content_width":"1080","footnotes":""},"class_list":["post-104294","page","type-page","status-publish","hentry"],"_links":{"self":[{"href":"https:\/\/www.tdm2000.org\/en\/wp-json\/wp\/v2\/pages\/104294","targetHints":{"allow":["GET"]}}],"collection":[{"href":"https:\/\/www.tdm2000.org\/en\/wp-json\/wp\/v2\/pages"}],"about":[{"href":"https:\/\/www.tdm2000.org\/en\/wp-json\/wp\/v2\/types\/page"}],"author":[{"embeddable":true,"href":"https:\/\/www.tdm2000.org\/en\/wp-json\/wp\/v2\/users\/12"}],"replies":[{"embeddable":true,"href":"https:\/\/www.tdm2000.org\/en\/wp-json\/wp\/v2\/comments?post=104294"}],"version-history":[{"count":15,"href":"https:\/\/www.tdm2000.org\/en\/wp-json\/wp\/v2\/pages\/104294\/revisions"}],"predecessor-version":[{"id":104393,"href":"https:\/\/www.tdm2000.org\/en\/wp-json\/wp\/v2\/pages\/104294\/revisions\/104393"}],"wp:attachment":[{"href":"https:\/\/www.tdm2000.org\/en\/wp-json\/wp\/v2\/media?parent=104294"}],"curies":[{"name":"wp","href":"https:\/\/api.w.org\/{rel}","templated":true}]}}